{"id":3509,"date":"2021-10-05T16:54:06","date_gmt":"2021-10-05T16:54:06","guid":{"rendered":"https:\/\/implementationplan.nwmo.ca\/2024_28\/?page_id=3509"},"modified":"2024-03-03T21:16:13","modified_gmt":"2024-03-04T02:16:13","slug":"cost-and-funding","status":"publish","type":"page","link":"https:\/\/implementationplan.nwmo.ca\/2024_28\/fr\/cost-and-funding\/","title":{"rendered":"Co\u00fbt et financement"},"content":{"rendered":"<p>[et_pb_section fb_built=\u00a0\u00bb1&Prime; _builder_version=\u00a0\u00bb4.16&Prime; _module_preset=\u00a0\u00bbdefault\u00a0\u00bb overflow-x=\u00a0\u00bbhidden\u00a0\u00bb custom_margin=\u00a0\u00bb||||false|false\u00a0\u00bb custom_padding=\u00a0\u00bb80px||0px||false|false\u00a0\u00bb global_colors_info=\u00a0\u00bb{}\u00a0\u00bb][et_pb_row _builder_version=\u00a0\u00bb4.16&Prime; _dynamic_attributes=\u00a0\u00bbcontent\u00a0\u00bb _module_preset=\u00a0\u00bbdefault\u00a0\u00bb global_colors_info=\u00a0\u00bb{}\u00a0\u00bb][et_pb_column type=\u00a0\u00bb4_4&Prime; _builder_version=\u00a0\u00bb4.19.0&Prime; _module_preset=\u00a0\u00bbdefault\u00a0\u00bb global_colors_info=\u00a0\u00bb{}\u00a0\u00bb][et_pb_text module_class=\u00a0\u00bbpage-title\u00a0\u00bb _builder_version=\u00a0\u00bb4.24.2&Prime; _dynamic_attributes=\u00a0\u00bbcontent\u00a0\u00bb _module_preset=\u00a0\u00bbdefault\u00a0\u00bb header_font=\u00a0\u00bb|300|||||||\u00a0\u00bb header_font_size=\u00a0\u00bb48px\u00a0\u00bb header_line_height=\u00a0\u00bb1.2em\u00a0\u00bb header_2_font=\u00a0\u00bb|300|||||||\u00a0\u00bb header_2_font_size=\u00a0\u00bb48px\u00a0\u00bb header_2_line_height=\u00a0\u00bb0.9em\u00a0\u00bb custom_margin=\u00a0\u00bb||0px||false|false\u00a0\u00bb hover_enabled=\u00a0\u00bb0&Prime; locked=\u00a0\u00bboff\u00a0\u00bb global_colors_info=\u00a0\u00bb{}\u00a0\u00bb sticky_enabled=\u00a0\u00bb0&Prime;]@ET-DC@eyJkeW5hbWljIjp0cnVlLCJjb250ZW50IjoicG9zdF90aXRsZSIsInNldHRpbmdzIjp7ImJlZm9yZSI6IjxoMT4iLCJhZnRlciI6Ilt0aXRsZS1zaGFyZV08L2gxPiJ9fQ==@[\/et_pb_text][\/et_pb_column][\/et_pb_row][et_pb_row use_custom_gutter=\u00a0\u00bbon\u00a0\u00bb gutter_width=\u00a0\u00bb2&Prime; module_class=\u00a0\u00bbrow-content\u00a0\u00bb _builder_version=\u00a0\u00bb4.16&Prime; _module_preset=\u00a0\u00bbdefault\u00a0\u00bb background_enable_color=\u00a0\u00bboff\u00a0\u00bb custom_padding=\u00a0\u00bb0px||||false|false\u00a0\u00bb global_colors_info=\u00a0\u00bb{}\u00a0\u00bb][et_pb_column type=\u00a0\u00bb4_4&Prime; _builder_version=\u00a0\u00bb4.16&Prime; _module_preset=\u00a0\u00bbdefault\u00a0\u00bb global_colors_info=\u00a0\u00bb{}\u00a0\u00bb][et_pb_text _builder_version=\u00a0\u00bb4.24.2&Prime; _module_preset=\u00a0\u00bbdefault\u00a0\u00bb header_5_font=\u00a0\u00bbHelveticaNeue-Regular|700|||||||\u00a0\u00bb hover_enabled=\u00a0\u00bb0&Prime; global_colors_info=\u00a0\u00bb{}\u00a0\u00bb sticky_enabled=\u00a0\u00bb0&Prime;]<\/p>\n<p>Les Canadiens s\u2019attendent \u00e0 ce que les fonds n\u00e9cessaires \u00e0 la gestion \u00e0 long terme du combustible nucl\u00e9aire irradi\u00e9 soient disponibles au moment voulu. Les mesures que nous avons prises satisfont \u00e0 cette exigence.<\/p>\n<p>Conform\u00e9ment au principe du \u00ab\u202fpollueur payeur\u202f\u00bb, le plan canadien de gestion du combustible nucl\u00e9aire irradi\u00e9 est financ\u00e9 par les propri\u00e9taires de d\u00e9chets au Canada\u00a0: Ontario Power Generation (OPG), \u00c9nergie Nouveau-Brunswick (\u00c9NB), Hydro-Qu\u00e9bec (HQ) et \u00c9nergie atomique du Canada limit\u00e9e (\u00c9ACL). En vertu de la <em>Loi sur les d\u00e9chets de combustible nucl\u00e9aire<\/em>, chacune de ces quatre soci\u00e9t\u00e9s a \u00e9t\u00e9 tenue d\u2019\u00e9tablir son propre fonds en fiducie et d\u2019y verser une contribution annuelle pour faire en sorte que l\u2019argent requis pour financer le projet soit disponible au moment voulu.<\/p>\n<p>La contribution de chacune de ces soci\u00e9t\u00e9s \u00e0 son fonds en fiducie est bas\u00e9e sur le nombre de grappes de combustible nucl\u00e9aire irradi\u00e9 qu\u2019elle a produites et qu\u2019elle continuera \u00e0 produire. Les sommes vers\u00e9es couvrent les co\u00fbts fixes que la SGDN devra payer, selon les estimations, pour construire, exploiter, surveiller et d\u00e9classer un d\u00e9p\u00f4t g\u00e9ologique en profondeur, ainsi que les co\u00fbts variables li\u00e9s \u00e0 la gestion de chaque grappe de combustible. Ce processus est con\u00e7u pour assurer le financement \u00e0 long terme du plan canadien.<\/p>\n<p>Pour de plus amples informations sur les sommes vers\u00e9es aux fonds en fiducie, veuillez vous reporter au <a href=\"http:\/\/www.nwmo.ca\/annualreport2023\" target=\"_blank\" rel=\"noopener\"><em>Rapport annuel de 2023 de la SGDN<\/em><\/a>. En sus de ces contributions aux fonds en fiducie, les propri\u00e9taires de d\u00e9chets sont \u00e9galement tenus de financer le budget de fonctionnement annuel de la SGDN.<\/p>\n<p><strong>Contributions totales aux fonds en fiducie : Ann\u00e9e 2024<\/strong><\/p>\n<p>[\/et_pb_text][\/et_pb_column][\/et_pb_row][et_pb_row use_custom_gutter=\u00a0\u00bbon\u00a0\u00bb gutter_width=\u00a0\u00bb2&Prime; module_class=\u00a0\u00bbrow-content\u00a0\u00bb _builder_version=\u00a0\u00bb4.16&Prime; _module_preset=\u00a0\u00bbdefault\u00a0\u00bb background_enable_color=\u00a0\u00bboff\u00a0\u00bb custom_padding=\u00a0\u00bb0px||||false|false\u00a0\u00bb global_colors_info=\u00a0\u00bb{}\u00a0\u00bb][et_pb_column type=\u00a0\u00bb4_4&Prime; _builder_version=\u00a0\u00bb4.16&Prime; _module_preset=\u00a0\u00bbdefault\u00a0\u00bb global_colors_info=\u00a0\u00bb{}\u00a0\u00bb][et_pb_text module_class=\u00a0\u00bbshare-element\u00a0\u00bb _builder_version=\u00a0\u00bb4.24.2&Prime; _module_preset=\u00a0\u00bbdefault\u00a0\u00bb hover_enabled=\u00a0\u00bb0&Prime; global_colors_info=\u00a0\u00bb{}\u00a0\u00bb sticky_enabled=\u00a0\u00bb0&Prime;]<\/p>\n<p>\n<div class=\"wpdt-c row wpDataTableContainerSimpleTable wpDataTables wpDataTablesWrapper\n\"\n    >\n        <table id=\"wpdtSimpleTable-25\"\n           style=\"border-collapse:collapse;\n                   border-spacing:0px;\"\n           class=\"wpdtSimpleTable wpDataTable\"\n           data-column=\"3\"\n           data-rows=\"7\"\n           data-wpID=\"25\"\n           data-responsive=\"0\"\n           data-has-header=\"1\">\n\n                    <thead>        <tr class=\"wpdt-cell-row \" >\n                            <th class=\"wpdt-cell wpdt-align-left wpdt-bc-1693B8 wpdt-tc-FFFFFF wpdt-fs-000016 wpdt-valign-top\"\n                                    data-cell-id=\"A1\"\n                data-col-index=\"0\"\n                data-row-index=\"0\"\n                style=\" width:15.080527086384%;                padding:10px;\n                \"\n                >\n                                Propri\u00e9taires                <\/th>\n                                            <th class=\"wpdt-cell wpdt-align-left wpdt-bc-1693B8 wpdt-tc-FFFFFF wpdt-fs-000016 wpdt-valign-top\"\n                                    data-cell-id=\"B1\"\n                data-col-index=\"1\"\n                data-row-index=\"0\"\n                style=\" width:38.213762811127%;                padding:10px;\n                \"\n                >\n                                Solde des fonds en fiducie\n(millions $)                <\/th>\n                                            <th class=\"wpdt-cell wpdt-align-left wpdt-bc-1693B8 wpdt-tc-FFFFFF wpdt-fs-000016 wpdt-valign-top\"\n                                    data-cell-id=\"C1\"\n                data-col-index=\"2\"\n                data-row-index=\"0\"\n                style=\" width:46.705710102489%;                padding:10px;\n                \"\n                >\n                                Contributions aux fonds en fiducie\n(grappes engag\u00e9es et futures)\n(millions $)*                <\/th>\n                                        <\/tr>\n                    <tbody>        <tr class=\"wpdt-cell-row odd\" >\n                            <td class=\"wpdt-cell wpdt-align-left wpdt-bc-1693B8 wpdt-tc-FFFFFF wpdt-fs-000016 wpdt-valign-top wpdt-empty-cell \"\n                                    data-cell-id=\"A2\"\n                data-col-index=\"0\"\n                data-row-index=\"1\"\n                style=\"                padding:10px;\n                \"\n                >\n                                                <\/td>\n                                            <td class=\"wpdt-cell wpdt-align-left wpdt-bc-1693B8 wpdt-tc-FFFFFF wpdt-fs-000016 wpdt-valign-top\"\n                                    data-cell-id=\"B2\"\n                data-col-index=\"1\"\n                data-row-index=\"1\"\n                style=\"                padding:10px;\n                \"\n                >\n                                D\u00e9cembre 2023                <\/td>\n                                            <td class=\"wpdt-cell wpdt-align-left wpdt-bc-1693B8 wpdt-tc-FFFFFF wpdt-fs-000016 wpdt-valign-top\"\n                                    data-cell-id=\"C2\"\n                data-col-index=\"2\"\n                data-row-index=\"1\"\n                style=\"                padding:10px;\n                \"\n                >\n                                2024                <\/td>\n                                        <\/tr>\n                            <tr class=\"wpdt-cell-row even\" >\n                            <td class=\"wpdt-cell wpdt-align-left wpdt-fs-000016 wpdt-bc-EDF3F5 wpdt-tc-000000\"\n                                    data-cell-id=\"A3\"\n                data-col-index=\"0\"\n                data-row-index=\"2\"\n                style=\"                padding:10px;\n                \"\n                >\n                                OPG                <\/td>\n                                            <td class=\"wpdt-cell wpdt-align-left wpdt-fs-000016 wpdt-bc-EDF3F5 wpdt-tc-000000\"\n                                    data-cell-id=\"B3\"\n                data-col-index=\"1\"\n                data-row-index=\"2\"\n                style=\"                padding:10px;\n                \"\n                >\n                                4867                <\/td>\n                                            <td class=\"wpdt-cell wpdt-align-left wpdt-fs-000016 wpdt-tc-000000 wpdt-bc-EDF3F5\"\n                                    data-cell-id=\"C3\"\n                data-col-index=\"2\"\n                data-row-index=\"2\"\n                style=\"                padding:10px;\n                \"\n                >\n                                86                <\/td>\n                                        <\/tr>\n                            <tr class=\"wpdt-cell-row odd\" >\n                            <td class=\"wpdt-cell wpdt-align-left wpdt-fs-000016 wpdt-bc-EDF3F5 wpdt-tc-000000\"\n                                    data-cell-id=\"A4\"\n                data-col-index=\"0\"\n                data-row-index=\"3\"\n                style=\"                padding:10px;\n                \"\n                >\n                                \u00c9NB                <\/td>\n                                            <td class=\"wpdt-cell wpdt-align-left wpdt-fs-000016 wpdt-bc-EDF3F5 wpdt-tc-000000\"\n                                    data-cell-id=\"B4\"\n                data-col-index=\"1\"\n                data-row-index=\"3\"\n                style=\"                padding:10px;\n                \"\n                >\n                                207                <\/td>\n                                            <td class=\"wpdt-cell wpdt-align-left wpdt-fs-000016 wpdt-tc-000000 wpdt-bc-EDF3F5\"\n                                    data-cell-id=\"C4\"\n                data-col-index=\"2\"\n                data-row-index=\"3\"\n                style=\"                padding:10px;\n                \"\n                >\n                                6                <\/td>\n                                        <\/tr>\n                            <tr class=\"wpdt-cell-row even\" >\n                            <td class=\"wpdt-cell wpdt-align-left wpdt-fs-000016 wpdt-bc-EDF3F5 wpdt-tc-000000\"\n                                    data-cell-id=\"A5\"\n                data-col-index=\"0\"\n                data-row-index=\"4\"\n                style=\"                padding:10px;\n                \"\n                >\n                                HQ                <\/td>\n                                            <td class=\"wpdt-cell wpdt-align-left wpdt-fs-000016 wpdt-bc-EDF3F5 wpdt-tc-000000\"\n                                    data-cell-id=\"B5\"\n                data-col-index=\"1\"\n                data-row-index=\"4\"\n                style=\"                padding:10px;\n                \"\n                >\n                                183                <\/td>\n                                            <td class=\"wpdt-cell wpdt-align-left wpdt-fs-000016 wpdt-tc-000000 wpdt-bc-EDF3F5\"\n                                    data-cell-id=\"C5\"\n                data-col-index=\"2\"\n                data-row-index=\"4\"\n                style=\"                padding:10px;\n                \"\n                >\n                                0                <\/td>\n                                        <\/tr>\n                            <tr class=\"wpdt-cell-row odd\" >\n                            <td class=\"wpdt-cell wpdt-align-left wpdt-fs-000016 wpdt-bc-EDF3F5 wpdt-tc-000000\"\n                                    data-cell-id=\"A6\"\n                data-col-index=\"0\"\n                data-row-index=\"5\"\n                style=\"                padding:10px;\n                \"\n                >\n                                \u00c9ACL                <\/td>\n                                            <td class=\"wpdt-cell wpdt-align-left wpdt-fs-000016 wpdt-bc-EDF3F5 wpdt-tc-000000\"\n                                    data-cell-id=\"B6\"\n                data-col-index=\"1\"\n                data-row-index=\"5\"\n                style=\"                padding:10px;\n                \"\n                >\n                                76                <\/td>\n                                            <td class=\"wpdt-cell wpdt-align-left wpdt-fs-000016 wpdt-tc-000000 wpdt-bc-EDF3F5\"\n                                    data-cell-id=\"C6\"\n                data-col-index=\"2\"\n                data-row-index=\"5\"\n                style=\"                padding:10px;\n                \"\n                >\n                                0,4                <\/td>\n                                        <\/tr>\n                            <tr class=\"wpdt-cell-row even\" >\n                            <td class=\"wpdt-cell wpdt-align-left wpdt-fs-000016 wpdt-bc-EDF3F5 wpdt-tc-1696BB wpdt-bold\"\n                                    data-cell-id=\"A7\"\n                data-col-index=\"0\"\n                data-row-index=\"6\"\n                style=\"                padding:10px;\n                \"\n                >\n                                Total                <\/td>\n                                            <td class=\"wpdt-cell wpdt-align-left wpdt-fs-000016 wpdt-bc-EDF3F5 wpdt-tc-1696BB wpdt-bold\"\n                                    data-cell-id=\"B7\"\n                data-col-index=\"1\"\n                data-row-index=\"6\"\n                style=\"                padding:10px;\n                \"\n                >\n                                4837                <\/td>\n                                            <td class=\"wpdt-cell wpdt-align-left wpdt-fs-000016 wpdt-bc-EDF3F5 wpdt-tc-1696BB wpdt-bold\"\n                                    data-cell-id=\"C7\"\n                data-col-index=\"2\"\n                data-row-index=\"6\"\n                style=\"                padding:10px;\n                \"\n                >\n                                93                <\/td>\n                                        <\/tr>\n                    <\/table>\n<\/div><style id='wpdt-custom-style-25'>\n.wpdt-bc-1693B8 { background-color: #1693B8 !important;}\n.wpdt-tc-FFFFFF { color: #FFFFFF !important;}\n.wpdt-fs-000016 { font-size: 16px !important;}\n.wpdt-bc-EDF3F5 { background-color: #EDF3F5 !important;}\n.wpdt-tc-000000 { color: #000000 !important;}\n.wpdt-tc-1696BB { color: #1696BB !important;}\n<\/style>\n<img decoding=\"async\" style=\"display: none;\" src=\"https:\/\/implementationplan.nwmo.ca\/2024_28\/wp-content\/uploads\/2023\/02\/Cost-and-funding-Data-Table-2023-EN.jpg\" \/><\/p>\n<p>[\/et_pb_text][et_pb_text _builder_version=\u00a0\u00bb4.24.2&Prime; _module_preset=\u00a0\u00bbdefault\u00a0\u00bb hover_enabled=\u00a0\u00bb0&Prime; global_colors_info=\u00a0\u00bb{}\u00a0\u00bb sticky_enabled=\u00a0\u00bb0&Prime;]<\/p>\n<p><em>*Les versements annuels aux fonds en fiducie doivent se faire au plus tard 30\u00a0jours apr\u00e8s la pr\u00e9sentation du rapport annuel. La date de versement du 25\u00a0avril est suppos\u00e9e aux fins d\u2019illustration.<\/em><\/p>\n<p>[\/et_pb_text][et_pb_text _builder_version=\u00a0\u00bb4.24.2&Prime; _module_preset=\u00a0\u00bbdefault\u00a0\u00bb header_5_font=\u00a0\u00bbHelveticaNeue-Regular|700|||||||\u00a0\u00bb custom_padding=\u00a0\u00bb20px||||false|false\u00a0\u00bb hover_enabled=\u00a0\u00bb0&Prime; global_colors_info=\u00a0\u00bb{}\u00a0\u00bb sticky_enabled=\u00a0\u00bb0&Prime;]<\/p>\n<p>La SGDN a comme responsabilit\u00e9 de d\u00e9terminer quels co\u00fbts devront \u00eatre assum\u00e9s, selon toute vraisemblance, pendant la dur\u00e9e du projet et de pr\u00e9voir les fonds qui seront n\u00e9cessaires pour couvrir les d\u00e9penses impr\u00e9vues. Nous appliquons un syst\u00e8me pour estimer les exigences de financement et pour les communiquer aux propri\u00e9taires de d\u00e9chets afin qu\u2019ils versent les sommes requises aux fonds en fiducie.<\/p>\n<p>De nombreux facteurs influenceront le co\u00fbt \u00e0 long terme du plan canadien\u00a0: le volume de combustible nucl\u00e9aire irradi\u00e9 \u00e0 g\u00e9rer, l\u2019emplacement de l\u2019installation, l\u2019infrastructure environnante, le type de roche du site d\u2019accueil et ses caract\u00e9ristiques, la conception du d\u00e9p\u00f4t ainsi que le temps pendant lequel le site sera surveill\u00e9 une fois tout le combustible stock\u00e9. Le Canada a jusqu\u2019\u00e0 maintenant produit approximativement 3,3\u00a0millions de grappes de combustible nucl\u00e9aire irradi\u00e9 et d\u2019autres grappes seront produites chaque ann\u00e9e par les r\u00e9acteurs nucl\u00e9aires qui continueront \u00e0 g\u00e9n\u00e9rer de l\u2019\u00e9lectricit\u00e9. Les d\u00e9cisions futures concernant la production nucl\u00e9aire au Canada pourraient venir modifier le volume et les types de combustible \u00e0 g\u00e9rer.<\/p>\n<p>\u00c0 la SGDN, nous r\u00e9visons notre estimation du co\u00fbt du cycle de vie du projet tous les cinq ans et avons r\u00e9alis\u00e9 une mise \u00e0 jour de l\u2019estimation de ce co\u00fbt en 2021, avec la prochaine mise \u00e0 jour planifi\u00e9e pour 2026. Cette estimation sert de base \u00e0 la planification financi\u00e8re et \u00e0 l\u2019\u00e9tablissement des sommes qui devront \u00eatre vers\u00e9es dans les fonds en fiducie au cours des ann\u00e9es \u00e0 venir.<\/p>\n<p>\u00c0 des fins de planification, l\u2019estimation des co\u00fbts r\u00e9alis\u00e9e en 2021 est bas\u00e9e sur un volume pr\u00e9vu d\u2019environ 5,5\u00a0millions de grappes de combustible, ce qui repr\u00e9sentait le volume qui sera cens\u00e9 avoir \u00e9t\u00e9 accumul\u00e9 \u00e0 la fin de la vie utile pr\u00e9vue des r\u00e9acteurs nucl\u00e9aires existants au Canada en 2020. D\u2019apr\u00e8s ce volume, le co\u00fbt du cycle de vie entier du projet \u2014 depuis le d\u00e9but du processus de s\u00e9lection d\u2019un site, en 2010, jusqu\u2019\u00e0 l\u2019ach\u00e8vement du projet approximativement 175\u00a0ans plus tard \u2014 serait approximativement de 26\u00a0milliards $ (en dollars de 2020). Ce chiffre couvre l\u2019investissement initial de 4,5\u00a0milliards $ (en dollars de 2020) pour la construction des installations sur une p\u00e9riode de 10\u00a0ans, ainsi que plusieurs d\u00e9cennies d\u2019activit\u00e9s li\u00e9es au cycle de vie, lequel s\u2019\u00e9tendra bien au-del\u00e0 du si\u00e8cle prochain.<\/p>\n<p>[\/et_pb_text][\/et_pb_column][\/et_pb_row][\/et_pb_section]<\/p>\n","protected":false},"excerpt":{"rendered":"<p>Les Canadiens s\u2019attendent \u00e0 ce que les fonds n\u00e9cessaires \u00e0 la gestion \u00e0 long terme du combustible nucl\u00e9aire irradi\u00e9 soient disponibles au moment voulu. Les mesures que nous avons prises satisfont \u00e0 cette exigence. Conform\u00e9ment au principe du \u00ab\u202fpollueur payeur\u202f\u00bb, le plan canadien de gestion du combustible nucl\u00e9aire irradi\u00e9 est financ\u00e9 par les propri\u00e9taires de [&hellip;]<\/p>\n","protected":false},"author":1,"featured_media":0,"parent":0,"menu_order":0,"comment_status":"closed","ping_status":"closed","template":"","meta":{"_et_pb_use_builder":"on","_et_pb_old_content":"","_et_gb_content_width":"","footnotes":""},"class_list":["post-3509","page","type-page","status-publish","hentry"],"_links":{"self":[{"href":"https:\/\/implementationplan.nwmo.ca\/2024_28\/fr\/wp-json\/wp\/v2\/pages\/3509","targetHints":{"allow":["GET"]}}],"collection":[{"href":"https:\/\/implementationplan.nwmo.ca\/2024_28\/fr\/wp-json\/wp\/v2\/pages"}],"about":[{"href":"https:\/\/implementationplan.nwmo.ca\/2024_28\/fr\/wp-json\/wp\/v2\/types\/page"}],"author":[{"embeddable":true,"href":"https:\/\/implementationplan.nwmo.ca\/2024_28\/fr\/wp-json\/wp\/v2\/users\/1"}],"replies":[{"embeddable":true,"href":"https:\/\/implementationplan.nwmo.ca\/2024_28\/fr\/wp-json\/wp\/v2\/comments?post=3509"}],"version-history":[{"count":0,"href":"https:\/\/implementationplan.nwmo.ca\/2024_28\/fr\/wp-json\/wp\/v2\/pages\/3509\/revisions"}],"wp:attachment":[{"href":"https:\/\/implementationplan.nwmo.ca\/2024_28\/fr\/wp-json\/wp\/v2\/media?parent=3509"}],"curies":[{"name":"wp","href":"https:\/\/api.w.org\/{rel}","templated":true}]}}