{"id":3540,"date":"2021-10-05T16:54:55","date_gmt":"2021-10-05T16:54:55","guid":{"rendered":"https:\/\/implementationplan.nwmo.ca\/2024_28\/?page_id=3540"},"modified":"2024-03-25T16:41:33","modified_gmt":"2024-03-25T20:41:33","slug":"planning-priorities","status":"publish","type":"page","link":"https:\/\/implementationplan.nwmo.ca\/2024_28\/fr\/planning-priorities\/","title":{"rendered":"Priorit\u00e9s de planification"},"content":{"rendered":"<p>[et_pb_section fb_built=\u00a0\u00bb1&Prime; _builder_version=\u00a0\u00bb4.16&Prime; _module_preset=\u00a0\u00bbdefault\u00a0\u00bb background_enable_image=\u00a0\u00bboff\u00a0\u00bb background_position=\u00a0\u00bbtop_center\u00a0\u00bb overflow-x=\u00a0\u00bbhidden\u00a0\u00bb custom_margin=\u00a0\u00bb||||false|false\u00a0\u00bb custom_padding=\u00a0\u00bb80px||0px||false|false\u00a0\u00bb global_colors_info=\u00a0\u00bb{}\u00a0\u00bb][et_pb_row _builder_version=\u00a0\u00bb4.16&Prime; _module_preset=\u00a0\u00bbdefault\u00a0\u00bb global_colors_info=\u00a0\u00bb{}\u00a0\u00bb][et_pb_column type=\u00a0\u00bb4_4&Prime; _builder_version=\u00a0\u00bb4.16&Prime; _module_preset=\u00a0\u00bbdefault\u00a0\u00bb global_colors_info=\u00a0\u00bb{}\u00a0\u00bb][et_pb_text module_class=\u00a0\u00bbpage-title\u00a0\u00bb _builder_version=\u00a0\u00bb4.24.2&Prime; _dynamic_attributes=\u00a0\u00bbcontent\u00a0\u00bb _module_preset=\u00a0\u00bbdefault\u00a0\u00bb header_font=\u00a0\u00bb|300|||||||\u00a0\u00bb header_font_size=\u00a0\u00bb48px\u00a0\u00bb header_line_height=\u00a0\u00bb1.2em\u00a0\u00bb header_2_font=\u00a0\u00bb|300|||||||\u00a0\u00bb header_2_font_size=\u00a0\u00bb48px\u00a0\u00bb header_2_line_height=\u00a0\u00bb0.9em\u00a0\u00bb custom_margin=\u00a0\u00bb||0px||false|false\u00a0\u00bb locked=\u00a0\u00bboff\u00a0\u00bb global_colors_info=\u00a0\u00bb{}\u00a0\u00bb]@ET-DC@eyJkeW5hbWljIjp0cnVlLCJjb250ZW50IjoicG9zdF90aXRsZSIsInNldHRpbmdzIjp7ImJlZm9yZSI6IjxoMT4iLCJhZnRlciI6Ilt0aXRsZS1zaGFyZV08L2gxPiJ9fQ==@[\/et_pb_text][\/et_pb_column][\/et_pb_row][et_pb_row use_custom_gutter=\u00a0\u00bbon\u00a0\u00bb gutter_width=\u00a0\u00bb2&Prime; module_class=\u00a0\u00bbrow-content\u00a0\u00bb _builder_version=\u00a0\u00bb4.16&Prime; _module_preset=\u00a0\u00bbdefault\u00a0\u00bb background_enable_color=\u00a0\u00bboff\u00a0\u00bb custom_padding=\u00a0\u00bb0px||||false|false\u00a0\u00bb border_radii=\u00a0\u00bboff||||\u00a0\u00bb global_colors_info=\u00a0\u00bb{}\u00a0\u00bb][et_pb_column type=\u00a0\u00bb4_4&Prime; _builder_version=\u00a0\u00bb4.16&Prime; _module_preset=\u00a0\u00bbdefault\u00a0\u00bb global_colors_info=\u00a0\u00bb{}\u00a0\u00bb][et_pb_text _builder_version=\u00a0\u00bb4.24.2&Prime; _module_preset=\u00a0\u00bbdefault\u00a0\u00bb header_5_font=\u00a0\u00bbHelveticaNeue-Regular|700|||||||\u00a0\u00bb global_colors_info=\u00a0\u00bb{}\u00a0\u00bb]<\/p>\n<p>\u00c0 la SGDN, nous articulons nos plans de travail autour de sept priorit\u00e9s\u00a0: l\u2019ing\u00e9nierie, l\u2019\u00e9valuation des sites, la s\u00fbret\u00e9, la transition vers le site, le processus de d\u00e9cision r\u00e9glementaire, le partenariat et le transport. Dans cette section, nous d\u00e9crivons nos plans en fonction de ces sept cat\u00e9gories de travaux.<\/p>\n<p>Notre engagement \u00e0 favoriser la r\u00e9conciliation et \u00e0 aligner notre travail sur le savoir autochtone guide nos efforts dans tous nos domaines prioritaires.<\/p>\n<p>Au cours des cinq prochaines ann\u00e9es, nous passerons du stade du processus de s\u00e9lection d\u2019un site \u00e0 celui du processus de d\u00e9cision r\u00e9glementaire. Ces priorit\u00e9s de planification refl\u00e8tent les nombreuses activit\u00e9s qui devront \u00eatre men\u00e9es au cours de cette p\u00e9riode de transition.<\/p>\n<p>[\/et_pb_text][\/et_pb_column][\/et_pb_row][et_pb_row module_class=\u00a0\u00bbrow-content\u00a0\u00bb _builder_version=\u00a0\u00bb4.19.4&Prime; _module_preset=\u00a0\u00bbdefault\u00a0\u00bb custom_padding=\u00a0\u00bb0px||||false|false\u00a0\u00bb global_colors_info=\u00a0\u00bb{}\u00a0\u00bb][et_pb_column type=\u00a0\u00bb4_4&Prime; _builder_version=\u00a0\u00bb4.16&Prime; _module_preset=\u00a0\u00bbdefault\u00a0\u00bb global_colors_info=\u00a0\u00bb{}\u00a0\u00bb][et_pb_image src=\u00a0\u00bbhttps:\/\/implementationplan.nwmo.ca\/2024_28\/wp-content\/uploads\/2024\/02\/Planning_Priorities-IP2024to2028-FR-WEB.png\u00a0\u00bb alt=\u00a0\u00bbPlanning priorities\u00a0\u00bb title_text=\u00a0\u00bbPlanning priorities\u00a0\u00bb align=\u00a0\u00bbcenter\u00a0\u00bb module_class=\u00a0\u00bbshare-element image-zoom\u00a0\u00bb _builder_version=\u00a0\u00bb4.24.2&Prime; _module_preset=\u00a0\u00bbdefault\u00a0\u00bb hover_enabled=\u00a0\u00bb0&Prime; border_radii=\u00a0\u00bboff||||\u00a0\u00bb global_colors_info=\u00a0\u00bb{}\u00a0\u00bb sticky_enabled=\u00a0\u00bb0&Prime;][\/et_pb_image][\/et_pb_column][\/et_pb_row][\/et_pb_section]<\/p>\n","protected":false},"excerpt":{"rendered":"<p>\u00c0 la SGDN, nous articulons nos plans de travail autour de sept priorit\u00e9s\u00a0: l\u2019ing\u00e9nierie, l\u2019\u00e9valuation des sites, la s\u00fbret\u00e9, la transition vers le site, le processus de d\u00e9cision r\u00e9glementaire, le partenariat et le transport. Dans cette section, nous d\u00e9crivons nos plans en fonction de ces sept cat\u00e9gories de travaux. Notre engagement \u00e0 favoriser la r\u00e9conciliation [&hellip;]<\/p>\n","protected":false},"author":1,"featured_media":0,"parent":0,"menu_order":0,"comment_status":"closed","ping_status":"closed","template":"","meta":{"_et_pb_use_builder":"on","_et_pb_old_content":"","_et_gb_content_width":"","footnotes":""},"class_list":["post-3540","page","type-page","status-publish","hentry"],"_links":{"self":[{"href":"https:\/\/implementationplan.nwmo.ca\/2024_28\/fr\/wp-json\/wp\/v2\/pages\/3540","targetHints":{"allow":["GET"]}}],"collection":[{"href":"https:\/\/implementationplan.nwmo.ca\/2024_28\/fr\/wp-json\/wp\/v2\/pages"}],"about":[{"href":"https:\/\/implementationplan.nwmo.ca\/2024_28\/fr\/wp-json\/wp\/v2\/types\/page"}],"author":[{"embeddable":true,"href":"https:\/\/implementationplan.nwmo.ca\/2024_28\/fr\/wp-json\/wp\/v2\/users\/1"}],"replies":[{"embeddable":true,"href":"https:\/\/implementationplan.nwmo.ca\/2024_28\/fr\/wp-json\/wp\/v2\/comments?post=3540"}],"version-history":[{"count":1,"href":"https:\/\/implementationplan.nwmo.ca\/2024_28\/fr\/wp-json\/wp\/v2\/pages\/3540\/revisions"}],"predecessor-version":[{"id":6064,"href":"https:\/\/implementationplan.nwmo.ca\/2024_28\/fr\/wp-json\/wp\/v2\/pages\/3540\/revisions\/6064"}],"wp:attachment":[{"href":"https:\/\/implementationplan.nwmo.ca\/2024_28\/fr\/wp-json\/wp\/v2\/media?parent=3540"}],"curies":[{"name":"wp","href":"https:\/\/api.w.org\/{rel}","templated":true}]}}