{"id":4975,"date":"2023-01-16T02:10:30","date_gmt":"2023-01-16T07:10:30","guid":{"rendered":"https:\/\/implementationplan.nwmo.ca\/2024_28\/regulatory-decision-making-process\/"},"modified":"2024-03-25T16:42:26","modified_gmt":"2024-03-25T20:42:26","slug":"regulatory-decision-making-process","status":"publish","type":"page","link":"https:\/\/implementationplan.nwmo.ca\/2024_28\/fr\/regulatory-decision-making-process\/","title":{"rendered":"Processus de d\u00e9cision r\u00e9glementaire"},"content":{"rendered":"<p>[et_pb_section fb_built=\u00a0\u00bb1&Prime; _builder_version=\u00a0\u00bb4.16&Prime; _module_preset=\u00a0\u00bbdefault\u00a0\u00bb background_enable_image=\u00a0\u00bboff\u00a0\u00bb background_position=\u00a0\u00bbtop_center\u00a0\u00bb overflow-x=\u00a0\u00bbhidden\u00a0\u00bb custom_margin=\u00a0\u00bb||||false|false\u00a0\u00bb custom_padding=\u00a0\u00bb80px||0px||false|false\u00a0\u00bb global_colors_info=\u00a0\u00bb{}\u00a0\u00bb][et_pb_row _builder_version=\u00a0\u00bb4.16&Prime; _module_preset=\u00a0\u00bbdefault\u00a0\u00bb global_colors_info=\u00a0\u00bb{}\u00a0\u00bb][et_pb_column type=\u00a0\u00bb4_4&Prime; _builder_version=\u00a0\u00bb4.16&Prime; _module_preset=\u00a0\u00bbdefault\u00a0\u00bb global_colors_info=\u00a0\u00bb{}\u00a0\u00bb][et_pb_blurb title=\u00a0\u00bb@ET-DC@eyJkeW5hbWljIjp0cnVlLCJjb250ZW50IjoicG9zdF90aXRsZSIsInNldHRpbmdzIjp7ImJlZm9yZSI6IiIsImFmdGVyIjoiIn19@\u00a0\u00bb image=\u00a0\u00bbhttps:\/\/implementationplan.nwmo.ca\/2024_28\/wp-content\/uploads\/2023\/01\/REGULATORY-DECISION-MAKING-PROCESS.png\u00a0\u00bb icon_placement=\u00a0\u00bbleft\u00a0\u00bb image_icon_width=\u00a0\u00bb50px\u00a0\u00bb content_max_width=\u00a0\u00bb100%\u00a0\u00bb module_class=\u00a0\u00bbpage-title\u00a0\u00bb _builder_version=\u00a0\u00bb4.24.2&Prime; _dynamic_attributes=\u00a0\u00bbtitle\u00a0\u00bb _module_preset=\u00a0\u00bbdefault\u00a0\u00bb header_level=\u00a0\u00bbh1&Prime; header_font=\u00a0\u00bb|300|||||||\u00a0\u00bb header_font_size=\u00a0\u00bb48px\u00a0\u00bb header_line_height=\u00a0\u00bb1.2em\u00a0\u00bb animation=\u00a0\u00bboff\u00a0\u00bb saved_tabs=\u00a0\u00bball\u00a0\u00bb locked=\u00a0\u00bboff\u00a0\u00bb global_colors_info=\u00a0\u00bb{}\u00a0\u00bb]<\/p>\n\t<div class=\"share-menu\">\n\t\t<a href=\"#\" class=\"share-btn\" title=\"Share\">\n\t\t\t<div class=\"et_pb_module et_pb_icon title_share\">\n\t\t\t\t<span class=\"et_pb_icon_wrap \"><span class=\"et-pb-icon\">\ue605<\/span><\/span>\n\t\t\t<\/div>\n\t\t<\/a>\n\t\t\n\t<\/div>\n\t<div class=\"social-media social-share\" style=\"display: none;\">\n\t\t<div class=\"share-menu-inner\">\n\t\t\t<a href=\"mailto:?subject=Processus de d\u00e9cision r\u00e9glementaire&body=https:\/\/implementationplan.nwmo.ca\/2024_28\/fr\/regulatory-decision-making-process\/\" target=\"_blank\" title=\"Email\"><div class=\"et_pb_module et_pb_icon\">\n\t\t\t\t<span class=\"et_pb_icon_wrap\"><span class=\"et-pb-icon\">\ue076<\/span><\/span>\n\t\t\t<\/div><\/a>\t\t\t<a href=\"https:\/\/www.facebook.com\/sharer\/sharer.php?u=https:\/\/implementationplan.nwmo.ca\/2024_28\/fr\/regulatory-decision-making-process\/\" target=\"_blank\" title=\"Facebook\"><div class=\"et_pb_module et_pb_icon\">\n\t\t\t\t<span class=\"et_pb_icon_wrap\"><span class=\"et-pb-icon\">\ue093<\/span><\/span>\n\t\t\t<\/div><\/a>\t\t\t<a href=\"https:\/\/www.messenger.com\/\" target=\"_blank\" title=\"Messenger\"><div class=\"et_pb_module et_pb_icon font-awesome\">\n\t\t\t\t<span class=\"et_pb_icon_wrap\"><span class=\"et-pb-icon\">\uf39f<\/span><\/span>\n\t\t\t<\/div><\/a>\t\t\t<a href=\"http:\/\/twitter.com\/share?text=Processus de d\u00e9cision r\u00e9glementaire&url=https:\/\/implementationplan.nwmo.ca\/2024_28\/fr\/regulatory-decision-making-process\/\" target=\"_blank\"  title=\"Twitter\"><div class=\"et_pb_module et_pb_icon\">\n\t\t\t\t<span class=\"et_pb_icon_wrap\"><span class=\"et-pb-icon\">\ue094<\/span><\/span>\n\t\t\t<\/div><\/a>\t\t\t<a href=\"https:\/\/www.linkedin.com\/shareArticle?mini=true&url=https:\/\/implementationplan.nwmo.ca\/2024_28\/fr\/regulatory-decision-making-process\/\" target=\"_blank\" title=\"Linkedin\"><div class=\"et_pb_module et_pb_icon\">\n\t\t\t\t<span class=\"et_pb_icon_wrap\"><span class=\"et-pb-icon\">\ue09d<\/span><\/span>\n\t\t\t<\/div><\/a>\t\t\t<a href=\"whatsapp:\/\/send?text=Processus de d\u00e9cision r\u00e9glementaire - https:\/\/implementationplan.nwmo.ca\/2024_28\/fr\/regulatory-decision-making-process\/\" target=\"_blank\" title=\"WhatsApp\"><div class=\"et_pb_module et_pb_icon font-awesome\">\n\t\t\t\t<span class=\"et_pb_icon_wrap\"><span class=\"et-pb-icon\">\uf232<\/span><\/span>\n\t\t\t<\/div><\/a>\t\t\t<a href=\"#\" class=\"copy-url\" data-url=\"https:\/\/implementationplan.nwmo.ca\/2024_28\/fr\/regulatory-decision-making-process\/\" title=\"Copier le lien\">\n\t\t\t\t<div class=\"et_pb_module et_pb_icon\">\n\t\t\t\t\t<span class=\"et_pb_icon_wrap\"><span class=\"et-pb-icon\">\ue059<\/span><\/span>\n\t\t\t\t<\/div>\n\t\t\t<\/a>\t\t<\/div>\n\t<\/div>\n\n\t\n<p>[\/et_pb_blurb][\/et_pb_column][\/et_pb_row][\/et_pb_section][et_pb_section fb_built=\u00a0\u00bb1&Prime; admin_label=\u00a0\u00bbs2 content\u00a0\u00bb module_class=\u00a0\u00bbtoggle-section\u00a0\u00bb _builder_version=\u00a0\u00bb4.19.4&Prime; _module_preset=\u00a0\u00bbdefault\u00a0\u00bb custom_padding=\u00a0\u00bb0px||0px||false|false\u00a0\u00bb global_colors_info=\u00a0\u00bb{}\u00a0\u00bb][et_pb_row _builder_version=\u00a0\u00bb4.23.4&Prime; _module_preset=\u00a0\u00bbdefault\u00a0\u00bb custom_padding=\u00a0\u00bb0px||||false|false\u00a0\u00bb global_colors_info=\u00a0\u00bb{}\u00a0\u00bb][et_pb_column type=\u00a0\u00bb4_4&Prime; _builder_version=\u00a0\u00bb4.19.4&Prime; _module_preset=\u00a0\u00bbdefault\u00a0\u00bb background_color=\u00a0\u00bb#1693b8&Prime; custom_padding=\u00a0\u00bb40px|40px|40px|40px|true|true\u00a0\u00bb global_colors_info=\u00a0\u00bb{}\u00a0\u00bb][et_pb_text _builder_version=\u00a0\u00bb4.24.2&Prime; _module_preset=\u00a0\u00bbdefault\u00a0\u00bb text_text_color=\u00a0\u00bb#ffffff\u00a0\u00bb header_4_text_color=\u00a0\u00bb#ffffff\u00a0\u00bb global_colors_info=\u00a0\u00bb{}\u00a0\u00bb]<\/p>\n<h4>La SGDN\u00a0:<\/h4>\n<ul>\n<li>Pr\u00e9parera, en tenant compte des commentaires des collectivit\u00e9s, les demandes destin\u00e9es \u00e0 amorcer le processus de d\u00e9cision r\u00e9glementaire;<\/li>\n<li>Amorcera le processus de d\u00e9cision r\u00e9glementaire avec nos collectivit\u00e9s partenaires.<\/li>\n<\/ul>\n<p>[\/et_pb_text][\/et_pb_column][\/et_pb_row][et_pb_row _builder_version=\u00a0\u00bb4.19.4&Prime; _module_preset=\u00a0\u00bbdefault\u00a0\u00bb custom_padding=\u00a0\u00bb0px||||false|false\u00a0\u00bb global_colors_info=\u00a0\u00bb{}\u00a0\u00bb][et_pb_column type=\u00a0\u00bb4_4&Prime; _builder_version=\u00a0\u00bb4.19.4&Prime; _module_preset=\u00a0\u00bbdefault\u00a0\u00bb global_colors_info=\u00a0\u00bb{}\u00a0\u00bb][et_pb_text _builder_version=\u00a0\u00bb4.24.2&Prime; _module_preset=\u00a0\u00bbdefault\u00a0\u00bb global_colors_info=\u00a0\u00bb{}\u00a0\u00bb]<\/p>\n<p>La protection des gens et de l\u2019environnement pour les g\u00e9n\u00e9rations \u00e0 venir reste au coeur de toutes nos activit\u00e9s. Une fois le processus de s\u00e9lection d\u2019un site achev\u00e9, nous amorcerons le processus rigoureux de d\u00e9cision r\u00e9glementaire, par le biais duquel la compr\u00e9hension de la SGDN de la s\u00fbret\u00e9 du d\u00e9p\u00f4t sera confirm\u00e9e de mani\u00e8re ind\u00e9pendante.<\/p>\n<p>Nous pr\u00e9voyons d\u2019aviser officiellement les autorit\u00e9s de r\u00e9glementation que nous amorcerons le processus de d\u00e9cision r\u00e9glementaire peu apr\u00e8s la s\u00e9lection d\u2019un site, puis de pr\u00e9senter nos demandes initiales en 2025.<\/p>\n<p>Pour faire en sorte d\u2019\u00eatre bien pr\u00e9par\u00e9e, la SGDN surveille et adapte nos activit\u00e9s en fonction de tous les changements r\u00e9glementaires qui pourraient avoir une incidence sur le projet. Par exemple, nous adapterons nos plans pour r\u00e9pondre \u00e0 tout changement d\u00e9coulant de la r\u00e9vision de la <em>Loi sur l\u2019\u00e9valuation d\u2019impact<\/em>. Nous nous adapterons \u00e9galement pour nous conformer aux orientations \u00e9mises par les autorit\u00e9s de r\u00e9glementation, et pour suivre les meilleures pratiques d\u00e9velopp\u00e9es pour les autres projets soumis aux processus de d\u00e9cision r\u00e9glementaire.<\/p>\n<p>Nous continuerons \u00e9galement \u00e0 travailler en concertation avec la Commission canadienne de s\u00fbret\u00e9 nucl\u00e9aire (CCSN) en vue de la pr\u00e9sentation future d\u2019une demande de permis, conform\u00e9ment aux conditions d\u2019un arrangement sp\u00e9cial d\u00e9j\u00e0 en place pour le projet. Au cours des prochaines ann\u00e9es, nous pr\u00e9voyons que la CCSN publiera des avis suppl\u00e9mentaires sur les informations dont elle aura besoin pour confirmer de mani\u00e8re ind\u00e9pendante la s\u00fbret\u00e9 du projet de d\u00e9p\u00f4t g\u00e9ologique en profondeur de combustible nucl\u00e9aire irradi\u00e9.<\/p>\n<p>[\/et_pb_text][et_pb_text _builder_version=\u00a0\u00bb4.24.2&Prime; _module_preset=\u00a0\u00bbdefault\u00a0\u00bb global_colors_info=\u00a0\u00bb{}\u00a0\u00bb]<\/p>\n<p><strong>De plus, de 2024 \u00e0 2028, la SGDN\u00a0:<\/strong><\/p>\n<ul>\n<li>Sollicitera les commentaires des collectivit\u00e9s municipales et autochtones sur les \u00e9l\u00e9ments qui seront fournis \u00e0 l\u2019appui de l\u2019analyse d\u2019impact int\u00e9gr\u00e9e;<\/li>\n<li>Continuera \u00e0 recueillir des informations et \u00e0 travailler avec les collectivit\u00e9s et d\u2019autres en vue d\u2019am\u00e9liorer notre compr\u00e9hension des conditions locales et r\u00e9gionales actuelles, notamment en demandant l\u2019avis des collectivit\u00e9s autochtones pour mieux aligner cette compr\u00e9hension sur le savoir autochtone et ainsi poser les bases des \u00e9valuations environnementales, sociales, \u00e9conomiques et de la sant\u00e9;<\/li>\n<li>En continuant \u00e0 d\u00e9velopper les travaux r\u00e9alis\u00e9s sur la s\u00fbret\u00e9 d\u2019un point de vue social jusqu\u2019au moment de la s\u00e9lection d\u2019un site, continuera \u00e0 travailler avec les membres des collectivit\u00e9s pour comprendre leurs questions et pr\u00e9occupations concernant la s\u00fbret\u00e9 du d\u00e9p\u00f4t et y r\u00e9pondre, y compris relativement \u00e0 la mani\u00e8re dont nous nous y prendrons sur le plan de la conception et avec nos programmes pour att\u00e9nuer les risques d\u2019incidences environnementales;<\/li>\n<li>Soutiendra la pr\u00e9paration de la description initiale du projet et des \u00e9valuations requises pour le processus r\u00e9glementaire;<\/li>\n<li>Obtiendra de l\u2019Agence d\u2019\u00e9valuation d\u2019impact du Canada (AEIC), de la CCSN et des autres autorit\u00e9s de r\u00e9glementation des pr\u00e9cisions sur les exigences de la <em>Loi sur l\u2019\u00e9valuation d\u2019impact<\/em> relatives \u00e0 la mise en oeuvre du projet;<\/li>\n<li>Lancera l\u2019\u00e9tude d\u2019impact f\u00e9d\u00e9rale et le processus d\u2019autorisation de la CCSN;<\/li>\n<li>Pr\u00e9parera et pr\u00e9sentera les rapports exig\u00e9s en vertu des lignes directrices pour l\u2019\u00e9valuation d\u2019impact du site choisi et du plan d\u2019autorisation de l\u2019AEIC.<\/li>\n<\/ul>\n<p>[\/et_pb_text][\/et_pb_column][\/et_pb_row][\/et_pb_section][et_pb_section fb_built=\u00a0\u00bb1&Prime; admin_label=\u00a0\u00bbs6&Prime; module_id=\u00a0\u00bbsection-6&Prime; module_class=\u00a0\u00bbtoggle-section\u00a0\u00bb _builder_version=\u00a0\u00bb4.16&Prime; _module_preset=\u00a0\u00bbdefault\u00a0\u00bb custom_padding=\u00a0\u00bb0px||0px||false|false\u00a0\u00bb global_colors_info=\u00a0\u00bb{}\u00a0\u00bb][et_pb_row _builder_version=\u00a0\u00bb4.16&Prime; _module_preset=\u00a0\u00bbdefault\u00a0\u00bb global_colors_info=\u00a0\u00bb{}\u00a0\u00bb][et_pb_column type=\u00a0\u00bb4_4&Prime; _builder_version=\u00a0\u00bb4.16&Prime; _module_preset=\u00a0\u00bbdefault\u00a0\u00bb global_colors_info=\u00a0\u00bb{}\u00a0\u00bb][et_pb_text module_class=\u00a0\u00bbtoggle-btn\u00a0\u00bb _builder_version=\u00a0\u00bb4.24.2&Prime; _module_preset=\u00a0\u00bbdefault\u00a0\u00bb header_2_font=\u00a0\u00bb|300|||||||\u00a0\u00bb header_3_font=\u00a0\u00bb|300|||||||\u00a0\u00bb global_colors_info=\u00a0\u00bb{}\u00a0\u00bb]<\/p>\n<h2>Plan de prise de d\u00e9cision r\u00e9glementaire<\/h2>\n<p>[\/et_pb_text][\/et_pb_column][\/et_pb_row][\/et_pb_section][et_pb_section fb_built=\u00a0\u00bb1&Prime; admin_label=\u00a0\u00bbs6 content\u00a0\u00bb module_class=\u00a0\u00bbsection-6 toggle-section toggle-content \u00a0\u00bb _builder_version=\u00a0\u00bb4.16&Prime; _module_preset=\u00a0\u00bbdefault\u00a0\u00bb custom_padding=\u00a0\u00bb0px||||false|false\u00a0\u00bb global_colors_info=\u00a0\u00bb{}\u00a0\u00bb][et_pb_row _builder_version=\u00a0\u00bb4.16&Prime; _module_preset=\u00a0\u00bbdefault\u00a0\u00bb global_colors_info=\u00a0\u00bb{}\u00a0\u00bb][et_pb_column type=\u00a0\u00bb4_4&Prime; _builder_version=\u00a0\u00bb4.16&Prime; _module_preset=\u00a0\u00bbdefault\u00a0\u00bb global_colors_info=\u00a0\u00bb{}\u00a0\u00bb][et_pb_text _builder_version=\u00a0\u00bb4.24.2&Prime; _module_preset=\u00a0\u00bbdefault\u00a0\u00bb global_colors_info=\u00a0\u00bb{}\u00a0\u00bb]<\/p>\n<p>Une fois qu\u2019un site aura \u00e9t\u00e9 choisi, en 2024, \u00e0 la SGDN, nous nous concentrerons sur le processus de d\u00e9cision r\u00e9glementaire qui permettra de passer \u00e0 la construction du d\u00e9p\u00f4t g\u00e9ologique en profondeur si les approbations sont accord\u00e9es.<\/p>\n<p>Toutes les d\u00e9cisions r\u00e9glementaires seront examin\u00e9es de fa\u00e7on ind\u00e9pendante par les organismes de r\u00e9glementation f\u00e9d\u00e9raux et provinciaux et par un comit\u00e9 d\u2019examen d\u00e9sign\u00e9. Le processus sera ouvert et transparent et permettra aux membres du public qui le voudront d\u2019y participer.<\/p>\n<p>[\/et_pb_text][et_pb_text _builder_version=\u00a0\u00bb4.24.2&Prime; _module_preset=\u00a0\u00bbdefault\u00a0\u00bb global_colors_info=\u00a0\u00bb{}\u00a0\u00bb]<\/p>\n<p>Deux processus int\u00e9gr\u00e9s de d\u00e9cision r\u00e9glementaires seront mis en oeuvre\u00a0:<\/p>\n<ul>\n<li>Une \u00e9valuation d\u2019impact conforme \u00e0 la <em>Loi sur l\u2019\u00e9valuation d\u2019impact<\/em>;<\/li>\n<li>La d\u00e9livrance d\u2019un permis en vertu de la <em>Loi sur la s\u00fbret\u00e9 et la r\u00e9glementation nucl\u00e9aires<\/em>.<\/li>\n<\/ul>\n<p>[\/et_pb_text][et_pb_text _builder_version=\u00a0\u00bb4.24.2&Prime; _module_preset=\u00a0\u00bbdefault\u00a0\u00bb global_colors_info=\u00a0\u00bb{}\u00a0\u00bb]<\/p>\n<p>Ces deux processus aideront le gouvernement f\u00e9d\u00e9ral \u00e0 \u00e9valuer divers aspects du projet, notamment la s\u00fbret\u00e9, la durabilit\u00e9, les effets n\u00e9gatifs, la s\u00e9curit\u00e9 nationale et s\u2019il est dans l\u2019int\u00e9r\u00eat public de mettre en oeuvre le projet.\u00a0<\/p>\n<p>La SGDN et les collectivit\u00e9s h\u00f4tes du projet entreprendront un programme de travail, \u00e9tudiant les impacts potentiels du projet, y compris les effets cumulatifs, et d\u00e9terminant les mesures d\u2019att\u00e9nuation requises. Dans l\u2019ensemble, notre objectif sera d\u2019avoir re\u00e7u les approbations r\u00e9glementaires au moment voulu pour pouvoir passer \u00e0 la pr\u00e9paration du site d\u2019ici 2030.<\/p>\n<p>[\/et_pb_text][et_pb_button button_url=\u00a0\u00bbhttps:\/\/www.nwmo.ca\/fr\/Who-we-are\/How-were-governed\/Regulatory-standards-and-requirements\u00a0\u00bb url_new_window=\u00a0\u00bbon\u00a0\u00bb button_text=\u00a0\u00bbApprenez-en davantage sur le processus de d\u00e9cision r\u00e9glementaire.\u00a0\u00bb _builder_version=\u00a0\u00bb4.24.2&Prime; _module_preset=\u00a0\u00bb878483c7-a169-4db0-89bb-8291b190b81f\u00a0\u00bb locked=\u00a0\u00bboff\u00a0\u00bb global_colors_info=\u00a0\u00bb{}\u00a0\u00bb][\/et_pb_button][\/et_pb_column][\/et_pb_row][et_pb_row use_custom_gutter=\u00a0\u00bbon\u00a0\u00bb gutter_width=\u00a0\u00bb2&Prime; _builder_version=\u00a0\u00bb4.19.4&Prime; _module_preset=\u00a0\u00bbdefault\u00a0\u00bb custom_margin=\u00a0\u00bb0px||||false|false\u00a0\u00bb custom_padding=\u00a0\u00bb0px||||false|false\u00a0\u00bb global_colors_info=\u00a0\u00bb{}\u00a0\u00bb][et_pb_column type=\u00a0\u00bb4_4&Prime; _builder_version=\u00a0\u00bb4.16&Prime; _module_preset=\u00a0\u00bbdefault\u00a0\u00bb global_colors_info=\u00a0\u00bb{}\u00a0\u00bb][et_pb_image src=\u00a0\u00bbhttps:\/\/implementationplan.nwmo.ca\/2024_28\/wp-content\/uploads\/2023\/03\/ImpactAssessmentProcess_FR.jpg\u00a0\u00bb alt=\u00a0\u00bbImpact assessment process\u00a0\u00bb title_text=\u00a0\u00bbImpact assessment process\u00a0\u00bb force_fullwidth=\u00a0\u00bbon\u00a0\u00bb src_tablet=\u00a0\u00bbhttps:\/\/implementationplan.nwmo.ca\/2024_28\/wp-content\/uploads\/2023\/01\/Untitled-2-scaled.jpg\u00a0\u00bb src_phone=\u00a0\u00bbhttps:\/\/implementationplan.nwmo.ca\/2024_28\/wp-content\/uploads\/2023\/01\/Untitled-2-scaled.jpg\u00a0\u00bb src_last_edited=\u00a0\u00bbon|phone\u00a0\u00bb module_class=\u00a0\u00bbshare-element\u00a0\u00bb _builder_version=\u00a0\u00bb4.24.2&Prime; _module_preset=\u00a0\u00bbdefault\u00a0\u00bb hover_enabled=\u00a0\u00bb0&Prime; border_radii=\u00a0\u00bboff||||\u00a0\u00bb border_radii_tablet=\u00a0\u00bboff||160px||\u00a0\u00bb border_radii_phone=\u00a0\u00bboff||0px||\u00a0\u00bb border_radii_last_edited=\u00a0\u00bbon|phone\u00a0\u00bb global_colors_info=\u00a0\u00bb{}\u00a0\u00bb sticky_enabled=\u00a0\u00bb0&Prime;][\/et_pb_image][\/et_pb_column][\/et_pb_row][\/et_pb_section]<\/p>\n","protected":false},"excerpt":{"rendered":"<p>\t<div class=\"share-menu\">\n\t\t<a href=\"#\" class=\"share-btn\" title=\"Share\">\n\t\t\t<div class=\"et_pb_module et_pb_icon title_share\">\n\t\t\t\t<span class=\"et_pb_icon_wrap \"><span class=\"et-pb-icon\">\ue605<\/span><\/span>\n\t\t\t<\/div>\n\t\t<\/a>\n\t\t\n\t<\/div>\n\t<div class=\"social-media social-share\" style=\"display: none;\">\n\t\t<div class=\"share-menu-inner\">\n\t\t\t<a href=\"mailto:?subject=Processus de d\u00e9cision r\u00e9glementaire&body=https:\/\/implementationplan.nwmo.ca\/2024_28\/fr\/regulatory-decision-making-process\/\" target=\"_blank\" title=\"Email\"><div class=\"et_pb_module et_pb_icon\">\n\t\t\t\t<span class=\"et_pb_icon_wrap\"><span class=\"et-pb-icon\">\ue076<\/span><\/span>\n\t\t\t<\/div><\/a>\t\t\t<a href=\"https:\/\/www.facebook.com\/sharer\/sharer.php?u=https:\/\/implementationplan.nwmo.ca\/2024_28\/fr\/regulatory-decision-making-process\/\" target=\"_blank\" title=\"Facebook\"><div class=\"et_pb_module et_pb_icon\">\n\t\t\t\t<span class=\"et_pb_icon_wrap\"><span class=\"et-pb-icon\">\ue093<\/span><\/span>\n\t\t\t<\/div><\/a>\t\t\t<a href=\"https:\/\/www.messenger.com\/\" target=\"_blank\" title=\"Messenger\"><div class=\"et_pb_module et_pb_icon font-awesome\">\n\t\t\t\t<span class=\"et_pb_icon_wrap\"><span class=\"et-pb-icon\">\uf39f<\/span><\/span>\n\t\t\t<\/div><\/a>\t\t\t<a href=\"http:\/\/twitter.com\/share?text=Processus de d\u00e9cision r\u00e9glementaire&url=https:\/\/implementationplan.nwmo.ca\/2024_28\/fr\/regulatory-decision-making-process\/\" target=\"_blank\"  title=\"Twitter\"><div class=\"et_pb_module et_pb_icon\">\n\t\t\t\t<span class=\"et_pb_icon_wrap\"><span class=\"et-pb-icon\">\ue094<\/span><\/span>\n\t\t\t<\/div><\/a>\t\t\t<a href=\"https:\/\/www.linkedin.com\/shareArticle?mini=true&url=https:\/\/implementationplan.nwmo.ca\/2024_28\/fr\/regulatory-decision-making-process\/\" target=\"_blank\" title=\"Linkedin\"><div class=\"et_pb_module et_pb_icon\">\n\t\t\t\t<span class=\"et_pb_icon_wrap\"><span class=\"et-pb-icon\">\ue09d<\/span><\/span>\n\t\t\t<\/div><\/a>\t\t\t<a href=\"whatsapp:\/\/send?text=Processus de d\u00e9cision r\u00e9glementaire - https:\/\/implementationplan.nwmo.ca\/2024_28\/fr\/regulatory-decision-making-process\/\" target=\"_blank\" title=\"WhatsApp\"><div class=\"et_pb_module et_pb_icon font-awesome\">\n\t\t\t\t<span class=\"et_pb_icon_wrap\"><span class=\"et-pb-icon\">\uf232<\/span><\/span>\n\t\t\t<\/div><\/a>\t\t\t<a href=\"#\" class=\"copy-url\" data-url=\"https:\/\/implementationplan.nwmo.ca\/2024_28\/fr\/regulatory-decision-making-process\/\" title=\"Copier le lien\">\n\t\t\t\t<div class=\"et_pb_module et_pb_icon\">\n\t\t\t\t\t<span class=\"et_pb_icon_wrap\"><span class=\"et-pb-icon\">\ue059<\/span><\/span>\n\t\t\t\t<\/div>\n\t\t\t<\/a>\t\t<\/div>\n\t<\/div>\n\n\tLa SGDN\u00a0: Pr\u00e9parera, en tenant compte des commentaires des collectivit\u00e9s, les demandes destin\u00e9es \u00e0 amorcer le processus de d\u00e9cision r\u00e9glementaire; Amorcera le processus de d\u00e9cision r\u00e9glementaire avec nos collectivit\u00e9s partenaires. La protection des gens et de l\u2019environnement pour les g\u00e9n\u00e9rations \u00e0 venir reste au coeur de toutes nos activit\u00e9s. Une fois le processus de s\u00e9lection [&hellip;]<\/p>\n","protected":false},"author":1,"featured_media":0,"parent":0,"menu_order":0,"comment_status":"closed","ping_status":"closed","template":"","meta":{"_et_pb_use_builder":"on","_et_pb_old_content":"","_et_gb_content_width":"","footnotes":""},"class_list":["post-4975","page","type-page","status-publish","hentry"],"_links":{"self":[{"href":"https:\/\/implementationplan.nwmo.ca\/2024_28\/fr\/wp-json\/wp\/v2\/pages\/4975","targetHints":{"allow":["GET"]}}],"collection":[{"href":"https:\/\/implementationplan.nwmo.ca\/2024_28\/fr\/wp-json\/wp\/v2\/pages"}],"about":[{"href":"https:\/\/implementationplan.nwmo.ca\/2024_28\/fr\/wp-json\/wp\/v2\/types\/page"}],"author":[{"embeddable":true,"href":"https:\/\/implementationplan.nwmo.ca\/2024_28\/fr\/wp-json\/wp\/v2\/users\/1"}],"replies":[{"embeddable":true,"href":"https:\/\/implementationplan.nwmo.ca\/2024_28\/fr\/wp-json\/wp\/v2\/comments?post=4975"}],"version-history":[{"count":1,"href":"https:\/\/implementationplan.nwmo.ca\/2024_28\/fr\/wp-json\/wp\/v2\/pages\/4975\/revisions"}],"predecessor-version":[{"id":6072,"href":"https:\/\/implementationplan.nwmo.ca\/2024_28\/fr\/wp-json\/wp\/v2\/pages\/4975\/revisions\/6072"}],"wp:attachment":[{"href":"https:\/\/implementationplan.nwmo.ca\/2024_28\/fr\/wp-json\/wp\/v2\/media?parent=4975"}],"curies":[{"name":"wp","href":"https:\/\/api.w.org\/{rel}","templated":true}]}}