{"id":4976,"date":"2023-01-16T02:09:45","date_gmt":"2023-01-16T07:09:45","guid":{"rendered":"https:\/\/implementationplan.nwmo.ca\/2024_28\/mobilization\/"},"modified":"2024-03-03T21:37:28","modified_gmt":"2024-03-04T02:37:28","slug":"transition-to-site","status":"publish","type":"page","link":"https:\/\/implementationplan.nwmo.ca\/2024_28\/fr\/transition-to-site\/","title":{"rendered":"Transition vers le site"},"content":{"rendered":"<p>[et_pb_section fb_built=\u00a0\u00bb1&Prime; _builder_version=\u00a0\u00bb4.16&Prime; _module_preset=\u00a0\u00bbdefault\u00a0\u00bb background_enable_image=\u00a0\u00bboff\u00a0\u00bb background_position=\u00a0\u00bbtop_center\u00a0\u00bb overflow-x=\u00a0\u00bbhidden\u00a0\u00bb custom_margin=\u00a0\u00bb||||false|false\u00a0\u00bb custom_padding=\u00a0\u00bb80px||0px||false|false\u00a0\u00bb global_colors_info=\u00a0\u00bb{}\u00a0\u00bb][et_pb_row _builder_version=\u00a0\u00bb4.16&Prime; _module_preset=\u00a0\u00bbdefault\u00a0\u00bb global_colors_info=\u00a0\u00bb{}\u00a0\u00bb][et_pb_column type=\u00a0\u00bb4_4&Prime; _builder_version=\u00a0\u00bb4.16&Prime; _module_preset=\u00a0\u00bbdefault\u00a0\u00bb global_colors_info=\u00a0\u00bb{}\u00a0\u00bb][et_pb_blurb title=\u00a0\u00bb@ET-DC@eyJkeW5hbWljIjp0cnVlLCJjb250ZW50IjoicG9zdF90aXRsZSIsInNldHRpbmdzIjp7ImJlZm9yZSI6IiIsImFmdGVyIjoiIn19@\u00a0\u00bb image=\u00a0\u00bbhttps:\/\/implementationplan.nwmo.ca\/2024_28\/wp-content\/uploads\/2023\/01\/MOBILIZATION.png\u00a0\u00bb icon_placement=\u00a0\u00bbleft\u00a0\u00bb image_icon_width=\u00a0\u00bb50px\u00a0\u00bb content_max_width=\u00a0\u00bb100%\u00a0\u00bb module_class=\u00a0\u00bbpage-title\u00a0\u00bb _builder_version=\u00a0\u00bb4.24.2&Prime; _dynamic_attributes=\u00a0\u00bbtitle\u00a0\u00bb _module_preset=\u00a0\u00bbdefault\u00a0\u00bb header_level=\u00a0\u00bbh1&Prime; header_font=\u00a0\u00bb|300|||||||\u00a0\u00bb header_font_size=\u00a0\u00bb48px\u00a0\u00bb header_line_height=\u00a0\u00bb1.2em\u00a0\u00bb animation=\u00a0\u00bboff\u00a0\u00bb hover_enabled=\u00a0\u00bb0&Prime; saved_tabs=\u00a0\u00bball\u00a0\u00bb global_colors_info=\u00a0\u00bb{}\u00a0\u00bb sticky_enabled=\u00a0\u00bb0&Prime;]<\/p>\n\t<div class=\"share-menu\">\n\t\t<a href=\"#\" class=\"share-btn\" title=\"Share\">\n\t\t\t<div class=\"et_pb_module et_pb_icon title_share\">\n\t\t\t\t<span class=\"et_pb_icon_wrap \"><span class=\"et-pb-icon\">\ue605<\/span><\/span>\n\t\t\t<\/div>\n\t\t<\/a>\n\t\t\n\t<\/div>\n\t<div class=\"social-media social-share\" style=\"display: none;\">\n\t\t<div class=\"share-menu-inner\">\n\t\t\t<a href=\"mailto:?subject=Transition vers le site&body=https:\/\/implementationplan.nwmo.ca\/2024_28\/fr\/transition-to-site\/\" target=\"_blank\" title=\"Email\"><div class=\"et_pb_module et_pb_icon\">\n\t\t\t\t<span class=\"et_pb_icon_wrap\"><span class=\"et-pb-icon\">\ue076<\/span><\/span>\n\t\t\t<\/div><\/a>\t\t\t<a href=\"https:\/\/www.facebook.com\/sharer\/sharer.php?u=https:\/\/implementationplan.nwmo.ca\/2024_28\/fr\/transition-to-site\/\" target=\"_blank\" title=\"Facebook\"><div class=\"et_pb_module et_pb_icon\">\n\t\t\t\t<span class=\"et_pb_icon_wrap\"><span class=\"et-pb-icon\">\ue093<\/span><\/span>\n\t\t\t<\/div><\/a>\t\t\t<a href=\"https:\/\/www.messenger.com\/\" target=\"_blank\" title=\"Messenger\"><div class=\"et_pb_module et_pb_icon font-awesome\">\n\t\t\t\t<span class=\"et_pb_icon_wrap\"><span class=\"et-pb-icon\">\uf39f<\/span><\/span>\n\t\t\t<\/div><\/a>\t\t\t<a href=\"http:\/\/twitter.com\/share?text=Transition vers le site&url=https:\/\/implementationplan.nwmo.ca\/2024_28\/fr\/transition-to-site\/\" target=\"_blank\"  title=\"Twitter\"><div class=\"et_pb_module et_pb_icon\">\n\t\t\t\t<span class=\"et_pb_icon_wrap\"><span class=\"et-pb-icon\">\ue094<\/span><\/span>\n\t\t\t<\/div><\/a>\t\t\t<a href=\"https:\/\/www.linkedin.com\/shareArticle?mini=true&url=https:\/\/implementationplan.nwmo.ca\/2024_28\/fr\/transition-to-site\/\" target=\"_blank\" title=\"Linkedin\"><div class=\"et_pb_module et_pb_icon\">\n\t\t\t\t<span class=\"et_pb_icon_wrap\"><span class=\"et-pb-icon\">\ue09d<\/span><\/span>\n\t\t\t<\/div><\/a>\t\t\t<a href=\"whatsapp:\/\/send?text=Transition vers le site - https:\/\/implementationplan.nwmo.ca\/2024_28\/fr\/transition-to-site\/\" target=\"_blank\" title=\"WhatsApp\"><div class=\"et_pb_module et_pb_icon font-awesome\">\n\t\t\t\t<span class=\"et_pb_icon_wrap\"><span class=\"et-pb-icon\">\uf232<\/span><\/span>\n\t\t\t<\/div><\/a>\t\t\t<a href=\"#\" class=\"copy-url\" data-url=\"https:\/\/implementationplan.nwmo.ca\/2024_28\/fr\/transition-to-site\/\" title=\"Copier le lien\">\n\t\t\t\t<div class=\"et_pb_module et_pb_icon\">\n\t\t\t\t\t<span class=\"et_pb_icon_wrap\"><span class=\"et-pb-icon\">\ue059<\/span><\/span>\n\t\t\t\t<\/div>\n\t\t\t<\/a>\t\t<\/div>\n\t<\/div>\n\n\t\n<p>[\/et_pb_blurb][\/et_pb_column][\/et_pb_row][\/et_pb_section][et_pb_section fb_built=\u00a0\u00bb1&Prime; admin_label=\u00a0\u00bbs2 content\u00a0\u00bb module_class=\u00a0\u00bbtoggle-section\u00a0\u00bb _builder_version=\u00a0\u00bb4.19.4&Prime; _module_preset=\u00a0\u00bbdefault\u00a0\u00bb custom_padding=\u00a0\u00bb0px||0px||false|false\u00a0\u00bb global_colors_info=\u00a0\u00bb{}\u00a0\u00bb][et_pb_row _builder_version=\u00a0\u00bb4.23.4&Prime; _module_preset=\u00a0\u00bbdefault\u00a0\u00bb custom_padding=\u00a0\u00bb0px||||false|false\u00a0\u00bb global_colors_info=\u00a0\u00bb{}\u00a0\u00bb][et_pb_column type=\u00a0\u00bb4_4&Prime; _builder_version=\u00a0\u00bb4.19.4&Prime; _module_preset=\u00a0\u00bbdefault\u00a0\u00bb background_color=\u00a0\u00bb#1693b8&Prime; custom_padding=\u00a0\u00bb40px|40px|40px|40px|true|true\u00a0\u00bb global_colors_info=\u00a0\u00bb{}\u00a0\u00bb][et_pb_text _builder_version=\u00a0\u00bb4.24.2&Prime; _module_preset=\u00a0\u00bbdefault\u00a0\u00bb text_text_color=\u00a0\u00bb#ffffff\u00a0\u00bb header_4_text_color=\u00a0\u00bb#ffffff\u00a0\u00bb hover_enabled=\u00a0\u00bb0&Prime; global_colors_info=\u00a0\u00bb{}\u00a0\u00bb sticky_enabled=\u00a0\u00bb0&Prime;]<\/p>\n<h4>La SGDN\u00a0:<\/h4>\n<ul>\n<li>Mettra en oeuvre une strat\u00e9gie de planification des ressources humaines et veillera \u00e0 ce que la s\u00e9curit\u00e9 et les plateformes informatiques n\u00e9cessaires \u00e0 l\u2019organisation et au processus de d\u00e9cision r\u00e9glementaire soient disponibles;<\/li>\n<li>Entreprendra la planification et la conception et commencera \u00e0 proc\u00e9der aux appels d\u2019offres en vue de la construction du Centre d\u2019expertise.<\/li>\n<\/ul>\n<p>[\/et_pb_text][\/et_pb_column][\/et_pb_row][et_pb_row _builder_version=\u00a0\u00bb4.19.4&Prime; _module_preset=\u00a0\u00bbdefault\u00a0\u00bb custom_padding=\u00a0\u00bb0px||||false|false\u00a0\u00bb global_colors_info=\u00a0\u00bb{}\u00a0\u00bb][et_pb_column type=\u00a0\u00bb4_4&Prime; _builder_version=\u00a0\u00bb4.19.4&Prime; _module_preset=\u00a0\u00bbdefault\u00a0\u00bb global_colors_info=\u00a0\u00bb{}\u00a0\u00bb][et_pb_text _builder_version=\u00a0\u00bb4.24.2&Prime; _module_preset=\u00a0\u00bbdefault\u00a0\u00bb hover_enabled=\u00a0\u00bb0&Prime; global_colors_info=\u00a0\u00bb{}\u00a0\u00bb sticky_enabled=\u00a0\u00bb0&Prime;]<\/p>\n<p>La s\u00e9lection d\u2019un site est une \u00e9tape cruciale qui marquera le d\u00e9but d\u2019une nouvelle s\u00e9rie d\u2019activit\u00e9s. Une fois le site choisi, les activit\u00e9s s\u2019acc\u00e9l\u00e9reront \u00e0 l\u2019\u00e9chelle locale et r\u00e9gionale. Cette \u00e9tape marquera aussi pour la SGDN le d\u00e9but d\u2019une transformation organisationnelle en plusieurs phases.<\/p>\n<p>Dans le cadre de nos efforts visant \u00e0 \u00e9voluer notre \u00e9quipe, nous continuerons \u00e0 recruter du personnel pour nous doter d\u2019un effectif \u00e9quitable, diversifi\u00e9 et inclusif, \u00e0 maximiser les possibilit\u00e9s d\u2019emplois dans la r\u00e9gion d\u2019\u00e9tablissement \u2014 dans la municipalit\u00e9 et la r\u00e9gion environnante, y compris dans les collectivit\u00e9s des Premi\u00e8res Nations et m\u00e9tisses \u2014 et \u00e0 renforcer les capacit\u00e9s des collectivit\u00e9s en investissant dans des initiatives de formation et d\u2019\u00e9ducation.<\/p>\n<p>Le moment de la s\u00e9lection d\u2019un site approchant, nous nous pr\u00e9parons \u00e0 d\u00e9m\u00e9nager nos op\u00e9rations vers le site choisi pour le d\u00e9p\u00f4t. Nous planifions aussi d\u2019accro\u00eetre nos ressources dans cette r\u00e9gion, de faire en sorte que nous ayons en place l\u2019infrastructure requise pour soutenir le plan canadien.<\/p>\n<p>[\/et_pb_text][et_pb_text _builder_version=\u00a0\u00bb4.24.2&Prime; _module_preset=\u00a0\u00bbdefault\u00a0\u00bb hover_enabled=\u00a0\u00bb0&Prime; global_colors_info=\u00a0\u00bb{}\u00a0\u00bb sticky_enabled=\u00a0\u00bb0&Prime;]<\/p>\n<p><strong>De plus, de 2024 \u00e0 2028, la SGDN\u00a0:<\/strong><\/p>\n<ul>\n<li>D\u00e9terminera les ressources dont nous aurons besoin pour r\u00e9aliser et soutenir les travaux de caract\u00e9risation, d\u2019\u00e9valuation environnementale, d\u2019ing\u00e9nierie et de pr\u00e9paration du dossier de s\u00fbret\u00e9 pour la r\u00e9gion d\u2019\u00e9tablissement choisie afin d\u2019\u00e9tayer les demandes d\u2019autorisation;<\/li>\n<li>Renforcera notre pr\u00e9sence dans la r\u00e9gion choisie, tout en offrant aux entrepreneurs locaux des possibilit\u00e9s de contrats li\u00e9s au projet;<\/li>\n<li>Travaillera avec les collectivit\u00e9s sur les besoins de logement et d\u2019infrastructure et sur les d\u00e9lais qui seront n\u00e9cessaires pour soutenir la transition de notre effectif vers le site choisi;<\/li>\n<li>Investira dans le d\u00e9veloppement des comp\u00e9tences et des capacit\u00e9s des jeunes et autres membres des municipalit\u00e9s et des collectivit\u00e9s des Premi\u00e8res Nations et m\u00e9tisses participant au processus de s\u00e9lection d\u2019un site afin de les aider \u00e0 d\u00e9crocher les emplois g\u00e9n\u00e9r\u00e9s par le projet;<\/li>\n<li>Continuera \u00e0 renforcer notre culture organisationnelle en instaurant des comportements, des normes et des outils organisationnels appropri\u00e9s, y compris des plateformes technologiques. Cela comprendra le fait de d\u00e9velopper une culture de la s\u00fbret\u00e9 nucl\u00e9aire, de rechercher l\u2019excellence dans la gestion des projets, de cr\u00e9er de solides partenariats, de promouvoir la diversit\u00e9 et l\u2019inclusion, de s\u2019engager envers la r\u00e9conciliation et d\u2019aligner tout notre travail sur le savoir et les pratiques autochtones.<\/li>\n<\/ul>\n<p>[\/et_pb_text][\/et_pb_column][\/et_pb_row][\/et_pb_section][et_pb_section fb_built=\u00a0\u00bb1&Prime; admin_label=\u00a0\u00bbs5&Prime; module_id=\u00a0\u00bbsection-5&Prime; module_class=\u00a0\u00bbtoggle-section\u00a0\u00bb _builder_version=\u00a0\u00bb4.16&Prime; _module_preset=\u00a0\u00bbdefault\u00a0\u00bb custom_padding=\u00a0\u00bb0px||0px||false|false\u00a0\u00bb global_colors_info=\u00a0\u00bb{}\u00a0\u00bb][et_pb_row _builder_version=\u00a0\u00bb4.16&Prime; _module_preset=\u00a0\u00bbdefault\u00a0\u00bb global_colors_info=\u00a0\u00bb{}\u00a0\u00bb][et_pb_column type=\u00a0\u00bb4_4&Prime; _builder_version=\u00a0\u00bb4.16&Prime; _module_preset=\u00a0\u00bbdefault\u00a0\u00bb global_colors_info=\u00a0\u00bb{}\u00a0\u00bb][et_pb_text module_class=\u00a0\u00bbtoggle-btn\u00a0\u00bb _builder_version=\u00a0\u00bb4.24.2&Prime; _module_preset=\u00a0\u00bbdefault\u00a0\u00bb header_2_font=\u00a0\u00bb|300|||||||\u00a0\u00bb header_3_font=\u00a0\u00bb|300|||||||\u00a0\u00bb hover_enabled=\u00a0\u00bb0&Prime; global_colors_info=\u00a0\u00bb{}\u00a0\u00bb sticky_enabled=\u00a0\u00bb0&Prime;]<\/p>\n<h2>Plan de pr\u00e9paration op\u00e9rationnelle<\/h2>\n<p>[\/et_pb_text][\/et_pb_column][\/et_pb_row][\/et_pb_section][et_pb_section fb_built=\u00a0\u00bb1&Prime; admin_label=\u00a0\u00bbs5 content\u00a0\u00bb module_class=\u00a0\u00bbsection-5 toggle-section  toggle-content \u00a0\u00bb _builder_version=\u00a0\u00bb4.16&Prime; _module_preset=\u00a0\u00bbdefault\u00a0\u00bb custom_padding=\u00a0\u00bb0px||||false|false\u00a0\u00bb global_colors_info=\u00a0\u00bb{}\u00a0\u00bb][et_pb_row _builder_version=\u00a0\u00bb4.16&Prime; _module_preset=\u00a0\u00bbdefault\u00a0\u00bb global_colors_info=\u00a0\u00bb{}\u00a0\u00bb][et_pb_column type=\u00a0\u00bb4_4&Prime; _builder_version=\u00a0\u00bb4.16&Prime; _module_preset=\u00a0\u00bbdefault\u00a0\u00bb global_colors_info=\u00a0\u00bb{}\u00a0\u00bb][et_pb_text _builder_version=\u00a0\u00bb4.24.2&Prime; _module_preset=\u00a0\u00bbdefault\u00a0\u00bb hover_enabled=\u00a0\u00bb0&Prime; global_colors_info=\u00a0\u00bb{}\u00a0\u00bb sticky_enabled=\u00a0\u00bb0&Prime;]<\/p>\n<p>Pour garantir que nous serons pr\u00eats \u00e0 passer \u00e0 la phase suivante du projet, la SGDN \u00e9labore actuellement un plan de pr\u00e9paration op\u00e9rationnelle qui comprendra les objectifs suivants\u00a0:<\/p>\n<p>[\/et_pb_text][et_pb_text _builder_version=\u00a0\u00bb4.24.2&Prime; _module_preset=\u00a0\u00bbdefault\u00a0\u00bb hover_enabled=\u00a0\u00bb0&Prime; global_colors_info=\u00a0\u00bb{}\u00a0\u00bb sticky_enabled=\u00a0\u00bb0&Prime;]<\/p>\n<ul style=\"padding-bottom: 0px;\">\n<li>\u00c9laborer et mettre en oeuvre les syst\u00e8mes, les processus et les outils n\u00e9cessaires \u00e0 la phase suivante du projet, y compris \u00e0 la maintenance et au contr\u00f4le du site du projet dans la collectivit\u00e9 s\u00e9lectionn\u00e9e;<\/li>\n<li>Faire en sorte que nous disposons des processus et des outils de gestion des projets, des contrats et des activit\u00e9s commerciales n\u00e9cessaires pour assurer la mise en oeuvre de ce projet d\u2019envergure complexe et de contrats pluriannuels.<\/li>\n<\/ul>\n<p>[\/et_pb_text][et_pb_text _builder_version=\u00a0\u00bb4.24.2&Prime; _module_preset=\u00a0\u00bbdefault\u00a0\u00bb hover_enabled=\u00a0\u00bb0&Prime; global_colors_info=\u00a0\u00bb{}\u00a0\u00bb sticky_enabled=\u00a0\u00bb0&Prime;]<\/p>\n<p>Conform\u00e9ment \u00e0 nos priorit\u00e9s de planification, \u00e0 la SGDN, nous avons entrepris de nous doter des capacit\u00e9s et des comp\u00e9tences organisationnelles n\u00e9cessaires pour soutenir le processus de d\u00e9cision r\u00e9glementaire et pr\u00e9parer la construction des installations. Elle proc\u00e8de notamment \u00e0 l\u2019\u00e9laboration des processus, des syst\u00e8mes et des outils qui seront requis pour mettre en oeuvre le plan canadien pour le combustible nucl\u00e9aire irradi\u00e9 dans le respect des d\u00e9lais et des budgets, ce qui comprend notre syst\u00e8me de gestion, notre strat\u00e9gie commerciale, notre infrastructure commerciale et de technologie de l\u2019information, et nos syst\u00e8mes de gestion de l\u2019information.<\/p>\n<p>La SGDN devra mener \u00e0 bien des aspects plus complexes du projet au cours de la prochaine phase de travail et les risques d\u2019incidences sur les co\u00fbts et le calendrier seront donc plus grands. Notre capacit\u00e9 de g\u00e9rer ces projets et contrats et \u00e0 en rendre compte exigera que les ressources requises soient en place au moment o\u00f9 nous choisirons un site, afin que nous puissions passer efficacement \u00e0 la phase suivante de nos travaux.<\/p>\n<p>[\/et_pb_text][et_pb_text _builder_version=\u00a0\u00bb4.24.2&Prime; _module_preset=\u00a0\u00bbdefault\u00a0\u00bb hover_enabled=\u00a0\u00bb0&Prime; global_colors_info=\u00a0\u00bb{}\u00a0\u00bb sticky_enabled=\u00a0\u00bb0&Prime;]<\/p>\n<p><strong>De plus, de 2024 \u00e0 2028, la SGDN\u00a0:<\/strong><\/p>\n<ul>\n<li>Poursuivra la transformation entreprise de notre syst\u00e8me de gestion pour le rendre conforme aux exigences de la norme CSA\u00a0N286-12, <em>Exigences relatives au syst\u00e8me de gestion des installations nucl\u00e9aires<\/em>, dans la mesure o\u00f9 elle s\u2019applique \u00e0 nos activit\u00e9s;<\/li>\n<li>Utilisera des outils et technologies de l\u2019information pour automatiser les processus, soutenir les initiatives strat\u00e9giques et num\u00e9riser les informations, le contenu et les dossiers;<\/li>\n<li>\u00c9laborera une strat\u00e9gie commerciale pour nous doter des effectifs, des biens et des services n\u00e9cessaires \u00e0 la prochaine phase des travaux;<\/li>\n<li>Continuera \u00e0 renforcer notre syst\u00e8me d\u2019information pour la gestion des projets pour soutenir la r\u00e9alisation et le suivi de nos projets;<\/li>\n<li>Appliquera la gouvernance en mati\u00e8re de gestion de projets et de strat\u00e9gie commerciale \u00e0 nos travaux.<\/li>\n<\/ul>\n<p>[\/et_pb_text][\/et_pb_column][\/et_pb_row][\/et_pb_section]<\/p>\n","protected":false},"excerpt":{"rendered":"<p>\t<div class=\"share-menu\">\n\t\t<a href=\"#\" class=\"share-btn\" title=\"Share\">\n\t\t\t<div class=\"et_pb_module et_pb_icon title_share\">\n\t\t\t\t<span class=\"et_pb_icon_wrap \"><span class=\"et-pb-icon\">\ue605<\/span><\/span>\n\t\t\t<\/div>\n\t\t<\/a>\n\t\t\n\t<\/div>\n\t<div class=\"social-media social-share\" style=\"display: none;\">\n\t\t<div class=\"share-menu-inner\">\n\t\t\t<a href=\"mailto:?subject=Transition vers le site&body=https:\/\/implementationplan.nwmo.ca\/2024_28\/fr\/transition-to-site\/\" target=\"_blank\" title=\"Email\"><div class=\"et_pb_module et_pb_icon\">\n\t\t\t\t<span class=\"et_pb_icon_wrap\"><span class=\"et-pb-icon\">\ue076<\/span><\/span>\n\t\t\t<\/div><\/a>\t\t\t<a href=\"https:\/\/www.facebook.com\/sharer\/sharer.php?u=https:\/\/implementationplan.nwmo.ca\/2024_28\/fr\/transition-to-site\/\" target=\"_blank\" title=\"Facebook\"><div class=\"et_pb_module et_pb_icon\">\n\t\t\t\t<span class=\"et_pb_icon_wrap\"><span class=\"et-pb-icon\">\ue093<\/span><\/span>\n\t\t\t<\/div><\/a>\t\t\t<a href=\"https:\/\/www.messenger.com\/\" target=\"_blank\" title=\"Messenger\"><div class=\"et_pb_module et_pb_icon font-awesome\">\n\t\t\t\t<span class=\"et_pb_icon_wrap\"><span class=\"et-pb-icon\">\uf39f<\/span><\/span>\n\t\t\t<\/div><\/a>\t\t\t<a href=\"http:\/\/twitter.com\/share?text=Transition vers le site&url=https:\/\/implementationplan.nwmo.ca\/2024_28\/fr\/transition-to-site\/\" target=\"_blank\"  title=\"Twitter\"><div class=\"et_pb_module et_pb_icon\">\n\t\t\t\t<span class=\"et_pb_icon_wrap\"><span class=\"et-pb-icon\">\ue094<\/span><\/span>\n\t\t\t<\/div><\/a>\t\t\t<a href=\"https:\/\/www.linkedin.com\/shareArticle?mini=true&url=https:\/\/implementationplan.nwmo.ca\/2024_28\/fr\/transition-to-site\/\" target=\"_blank\" title=\"Linkedin\"><div class=\"et_pb_module et_pb_icon\">\n\t\t\t\t<span class=\"et_pb_icon_wrap\"><span class=\"et-pb-icon\">\ue09d<\/span><\/span>\n\t\t\t<\/div><\/a>\t\t\t<a href=\"whatsapp:\/\/send?text=Transition vers le site - https:\/\/implementationplan.nwmo.ca\/2024_28\/fr\/transition-to-site\/\" target=\"_blank\" title=\"WhatsApp\"><div class=\"et_pb_module et_pb_icon font-awesome\">\n\t\t\t\t<span class=\"et_pb_icon_wrap\"><span class=\"et-pb-icon\">\uf232<\/span><\/span>\n\t\t\t<\/div><\/a>\t\t\t<a href=\"#\" class=\"copy-url\" data-url=\"https:\/\/implementationplan.nwmo.ca\/2024_28\/fr\/transition-to-site\/\" title=\"Copier le lien\">\n\t\t\t\t<div class=\"et_pb_module et_pb_icon\">\n\t\t\t\t\t<span class=\"et_pb_icon_wrap\"><span class=\"et-pb-icon\">\ue059<\/span><\/span>\n\t\t\t\t<\/div>\n\t\t\t<\/a>\t\t<\/div>\n\t<\/div>\n\n\tLa SGDN\u00a0: Mettra en oeuvre une strat\u00e9gie de planification des ressources humaines et veillera \u00e0 ce que la s\u00e9curit\u00e9 et les plateformes informatiques n\u00e9cessaires \u00e0 l\u2019organisation et au processus de d\u00e9cision r\u00e9glementaire soient disponibles; Entreprendra la planification et la conception et commencera \u00e0 proc\u00e9der aux appels d\u2019offres en vue de la construction du Centre d\u2019expertise. [&hellip;]<\/p>\n","protected":false},"author":1,"featured_media":0,"parent":0,"menu_order":0,"comment_status":"closed","ping_status":"closed","template":"","meta":{"_et_pb_use_builder":"on","_et_pb_old_content":"","_et_gb_content_width":"","footnotes":""},"class_list":["post-4976","page","type-page","status-publish","hentry"],"_links":{"self":[{"href":"https:\/\/implementationplan.nwmo.ca\/2024_28\/fr\/wp-json\/wp\/v2\/pages\/4976","targetHints":{"allow":["GET"]}}],"collection":[{"href":"https:\/\/implementationplan.nwmo.ca\/2024_28\/fr\/wp-json\/wp\/v2\/pages"}],"about":[{"href":"https:\/\/implementationplan.nwmo.ca\/2024_28\/fr\/wp-json\/wp\/v2\/types\/page"}],"author":[{"embeddable":true,"href":"https:\/\/implementationplan.nwmo.ca\/2024_28\/fr\/wp-json\/wp\/v2\/users\/1"}],"replies":[{"embeddable":true,"href":"https:\/\/implementationplan.nwmo.ca\/2024_28\/fr\/wp-json\/wp\/v2\/comments?post=4976"}],"version-history":[{"count":0,"href":"https:\/\/implementationplan.nwmo.ca\/2024_28\/fr\/wp-json\/wp\/v2\/pages\/4976\/revisions"}],"wp:attachment":[{"href":"https:\/\/implementationplan.nwmo.ca\/2024_28\/fr\/wp-json\/wp\/v2\/media?parent=4976"}],"curies":[{"name":"wp","href":"https:\/\/api.w.org\/{rel}","templated":true}]}}